{"id":86,"date":"2023-11-08T12:24:46","date_gmt":"2023-11-08T11:24:46","guid":{"rendered":"https:\/\/expedoasesores.com\/?page_id=86"},"modified":"2023-11-10T18:12:05","modified_gmt":"2023-11-10T17:12:05","slug":"servicio-de-consultoria","status":"publish","type":"page","link":"https:\/\/expedoasesores.com\/?page_id=86","title":{"rendered":"Servicio de Consultor\u00eda"},"content":{"rendered":"\n<div class=\"wp-block-columns is-layout-flex wp-container-core-columns-is-layout-28f84493 wp-block-columns-is-layout-flex\"><\/div>\n\n\n\n<p>Crecemos contigo, hacia un futuro de \u00e9xito<\/p>\n\n\n\n<div class=\"wp-block-media-text is-stacked-on-mobile\"><figure class=\"wp-block-media-text__media\"><img loading=\"lazy\" decoding=\"async\" width=\"1024\" height=\"1024\" src=\"https:\/\/expedoasesores.com\/wp-content\/uploads\/2023\/11\/Liso-1-1024x1024.jpg\" alt=\"\" class=\"wp-image-93 size-full\" srcset=\"https:\/\/expedoasesores.com\/wp-content\/uploads\/2023\/11\/Liso-1-1024x1024.jpg 1024w, https:\/\/expedoasesores.com\/wp-content\/uploads\/2023\/11\/Liso-1-300x300.jpg 300w, https:\/\/expedoasesores.com\/wp-content\/uploads\/2023\/11\/Liso-1-150x150.jpg 150w, https:\/\/expedoasesores.com\/wp-content\/uploads\/2023\/11\/Liso-1-768x768.jpg 768w, https:\/\/expedoasesores.com\/wp-content\/uploads\/2023\/11\/Liso-1-1536x1536.jpg 1536w, https:\/\/expedoasesores.com\/wp-content\/uploads\/2023\/11\/Liso-1-1170x1170.jpg 1170w, https:\/\/expedoasesores.com\/wp-content\/uploads\/2023\/11\/Liso-1.jpg 1563w\" sizes=\"auto, (max-width: 1024px) 100vw, 1024px\" \/><\/figure><div class=\"wp-block-media-text__content\">\n<p>En <strong><a href=\"https:\/\/expedoasesores.com\/\">Expedo Asesores Consultor\u00eda<\/a><\/strong>, somos una empresa especializada en brindar servicios de consultor\u00eda empresarial a empresas de todos los tama\u00f1os y sectores. Creemos que el \u00e9xito empresarial no es cuesti\u00f3n de suerte, sino de planificaci\u00f3n, ejecuci\u00f3n y adaptaci\u00f3n al cambio. Por eso, nuestro objetivo es ayudar a las empresas a alcanzar sus objetivos, independientemente de su situaci\u00f3n actual.<\/p>\n<\/div><\/div>\n\n\n\n<p><a href=\"https:\/\/expedoasesores.com\/?page_id=48\">Nuestro equipo de profesionales<\/a> est\u00e1 altamente cualificado y con una amplia experiencia en el sector. Contamos con un profundo conocimiento de las \u00faltimas tendencias y herramientas empresariales, lo que nos permite ofrecer soluciones innovadoras y eficaces.<\/p>\n\n\n\n<p>Nuestros servicios abarcan un amplio espectro de \u00e1reas, incluyendo:<\/p>\n\n\n\n<ul class=\"wp-block-list\">\n<li><em>Estrategia empresarial:<\/em> Ayudamos a las empresas a definir sus objetivos y desarrollar un plan de acci\u00f3n para alcanzarlos.<\/li>\n\n\n\n<li><em>Marketing y ventas:<\/em> Ayudamos a las empresas a aumentar sus ventas y mejorar su posicionamiento en el mercado.<\/li>\n\n\n\n<li><em>Finanzas:<\/em> Ayudamos a las empresas a gestionar sus finanzas de forma eficiente y a tomar decisiones informadas.<\/li>\n\n\n\n<li><em>RRHH:<\/em> Ayudamos a las empresas a atraer, retener y desarrollar a su personal.<\/li>\n\n\n\n<li><em>Log\u00edstica:<\/em> Ayudamos a las empresas a optimizar sus procesos log\u00edsticos y reducir sus costes.<\/li>\n\n\n\n<li><em>Tecnolog\u00eda:<\/em> Ayudamos a las empresas a aprovechar las nuevas tecnolog\u00edas para mejorar su competitividad.<\/li>\n\n\n\n<li><em>Trabajamos con nuestros clientes<\/em> de forma personalizada, adapt\u00e1ndonos a sus necesidades espec\u00edficas. Nuestro objetivo es que cada empresa crezca y prospere, y que pueda hacer realidad sus sue\u00f1os.<\/li>\n<\/ul>\n\n\n\n<p>Conf\u00eda en nosotros y deja que te ayudemos a volar<\/p>\n\n\n\n<p>En el mundo actual, las empresas se enfrentan a un entorno cada vez m\u00e1s competitivo y cambiante. Por eso, es fundamental contar con un socio estrat\u00e9gico que pueda ayudar a las empresas a adaptarse a los cambios y a aprovechar las oportunidades que ofrece el mercado.<\/p>\n\n\n\n<p>En Expedo Asesores Consultor\u00eda, somos ese socio estrat\u00e9gico que las empresas necesitan para alcanzar el \u00e9xito. Contamos con la experiencia, los conocimientos y las herramientas necesarias para ayudar a las empresas a crecer y prosperar.<\/p>\n\n\n\n<p class=\"has-text-align-center\"><strong><a href=\"https:\/\/expedoasesores.com\/?page_id=58\">\u00bfQuieres que te ayudemos a volar?<\/a><\/strong><\/p>\n\n\n\n<p>Contacta con nosotros hoy mismo y descubre c\u00f3mo podemos ayudarte a alcanzar tus objetivos&nbsp;empresariales.<\/p>\n\n\n\n<p><\/p>\n","protected":false},"excerpt":{"rendered":"<p>Crecemos contigo, hacia un futuro de \u00e9xito En Expedo Asesores Consultor\u00eda, somos una empresa especializada en brindar servicios de consultor\u00eda empresarial a empresas de todos los tama\u00f1os y sectores. Creemos que el \u00e9xito empresarial no es cuesti\u00f3n de suerte, sino de planificaci\u00f3n, ejecuci\u00f3n y adaptaci\u00f3n al cambio. Por eso, nuestro objetivo es ayudar a las [&hellip;]<\/p>\n","protected":false},"author":1,"featured_media":0,"parent":0,"menu_order":0,"comment_status":"closed","ping_status":"closed","template":"","meta":{"footnotes":""},"class_list":["post-86","page","type-page","status-publish","hentry"],"_links":{"self":[{"href":"https:\/\/expedoasesores.com\/index.php?rest_route=\/wp\/v2\/pages\/86","targetHints":{"allow":["GET"]}}],"collection":[{"href":"https:\/\/expedoasesores.com\/index.php?rest_route=\/wp\/v2\/pages"}],"about":[{"href":"https:\/\/expedoasesores.com\/index.php?rest_route=\/wp\/v2\/types\/page"}],"author":[{"embeddable":true,"href":"https:\/\/expedoasesores.com\/index.php?rest_route=\/wp\/v2\/users\/1"}],"replies":[{"embeddable":true,"href":"https:\/\/expedoasesores.com\/index.php?rest_route=%2Fwp%2Fv2%2Fcomments&post=86"}],"version-history":[{"count":3,"href":"https:\/\/expedoasesores.com\/index.php?rest_route=\/wp\/v2\/pages\/86\/revisions"}],"predecessor-version":[{"id":96,"href":"https:\/\/expedoasesores.com\/index.php?rest_route=\/wp\/v2\/pages\/86\/revisions\/96"}],"wp:attachment":[{"href":"https:\/\/expedoasesores.com\/index.php?rest_route=%2Fwp%2Fv2%2Fmedia&parent=86"}],"curies":[{"name":"wp","href":"https:\/\/api.w.org\/{rel}","templated":true}]}}