{"id":48,"date":"2023-11-03T03:01:33","date_gmt":"2023-11-03T02:01:33","guid":{"rendered":"https:\/\/expedoasesores.com\/?page_id=48"},"modified":"2025-10-30T10:17:19","modified_gmt":"2025-10-30T09:17:19","slug":"sobre-nosotros","status":"publish","type":"page","link":"https:\/\/expedoasesores.com\/?page_id=48","title":{"rendered":"Sobre nosotros"},"content":{"rendered":"\n<div class=\"wp-block-group is-layout-constrained wp-block-group-is-layout-constrained\">\n<div class=\"wp-block-columns are-vertically-aligned-center is-layout-flex wp-container-core-columns-is-layout-28f84493 wp-block-columns-is-layout-flex\">\n<div class=\"wp-block-column is-vertically-aligned-center is-layout-flow wp-block-column-is-layout-flow\">\n<div class=\"wp-block-media-text is-stacked-on-mobile is-image-fill\" style=\"grid-template-columns:56% auto\"><figure class=\"wp-block-media-text__media\" style=\"background-image:url(http:\/\/expedoasesores.com\/wp-content\/uploads\/2023\/11\/funciones-asesor-contable-post.jpg);background-position:50% 50%\"><img loading=\"lazy\" decoding=\"async\" width=\"1000\" height=\"666\" src=\"http:\/\/expedoasesores.com\/wp-content\/uploads\/2023\/11\/funciones-asesor-contable-post.jpg\" alt=\"\" class=\"wp-image-15 size-full\" srcset=\"https:\/\/expedoasesores.com\/wp-content\/uploads\/2023\/11\/funciones-asesor-contable-post.jpg 1000w, https:\/\/expedoasesores.com\/wp-content\/uploads\/2023\/11\/funciones-asesor-contable-post-300x200.jpg 300w, https:\/\/expedoasesores.com\/wp-content\/uploads\/2023\/11\/funciones-asesor-contable-post-768x511.jpg 768w\" sizes=\"auto, (max-width: 1000px) 100vw, 1000px\" \/><\/figure><div class=\"wp-block-media-text__content\">\n<p class=\"has-small-font-size\"><strong>Andres Mu\u00f1oz Romero<\/strong><br>Administraci\u00f3n y direcci\u00f3n de empresas en <a href=\"https:\/\/www.uca.es\/\">Universidad de Sevilla<\/a>.             Master en Fiscalidad y Contabilidad.<\/p>\n\n\n\n<p class=\"has-small-font-size\"><br><\/p>\n<\/div><\/div>\n<\/div>\n\n\n\n<div class=\"wp-block-column is-vertically-aligned-center is-layout-flow wp-block-column-is-layout-flow\">\n<div class=\"wp-block-media-text has-media-on-the-right is-stacked-on-mobile is-vertically-aligned-center is-image-fill\" style=\"grid-template-columns:auto 56%\"><div class=\"wp-block-media-text__content\">\n<p class=\"has-text-align-right has-small-font-size\"><strong>Bel\u00e9n Caballero Palaz\u00f3n<\/strong><br>Grado en RRLL y RRHH  en <a href=\"https:\/\/www.us.es\/\">Universidad de Sevilla<\/a>.<br>M\u00e1ster en direcci\u00f3n de recursos humanos en <a href=\"https:\/\/isnib-business-school.lectiva.com\/cursos.htm\">ISNIB Business School (Barcelona)<\/a><\/p>\n<\/div><figure class=\"wp-block-media-text__media\" style=\"background-image:url(https:\/\/expedoasesores.com\/wp-content\/uploads\/2023\/11\/PHOTO-2023-11-14-08-48-35.jpg);background-position:28% 97%\"><img loading=\"lazy\" decoding=\"async\" width=\"892\" height=\"1024\" src=\"https:\/\/expedoasesores.com\/wp-content\/uploads\/2023\/11\/PHOTO-2023-11-14-08-48-35.jpg\" alt=\"\" class=\"wp-image-97 size-full\" srcset=\"https:\/\/expedoasesores.com\/wp-content\/uploads\/2023\/11\/PHOTO-2023-11-14-08-48-35.jpg 892w, https:\/\/expedoasesores.com\/wp-content\/uploads\/2023\/11\/PHOTO-2023-11-14-08-48-35-261x300.jpg 261w, https:\/\/expedoasesores.com\/wp-content\/uploads\/2023\/11\/PHOTO-2023-11-14-08-48-35-768x882.jpg 768w\" sizes=\"auto, (max-width: 892px) 100vw, 892px\" \/><\/figure><\/div>\n<\/div>\n<\/div>\n<\/div>\n\n\n\n<div class=\"wp-block-columns is-layout-flex wp-container-core-columns-is-layout-28f84493 wp-block-columns-is-layout-flex\">\n<div class=\"wp-block-column is-layout-flow wp-block-column-is-layout-flow\">\n<div class=\"wp-block-media-text has-media-on-the-right is-stacked-on-mobile is-image-fill\"><div class=\"wp-block-media-text__content\">\n<p class=\"has-small-font-size\"><strong>Mar\u00eda del Carmen de la Cruz Ganfornina<\/strong><br>Grado Superior Administrativo<\/p>\n<\/div><figure class=\"wp-block-media-text__media\" style=\"background-image:url(https:\/\/expedoasesores.com\/wp-content\/uploads\/2023\/11\/Carmen-arreglado-768x1024.jpg);background-position:50% 50%\"><img loading=\"lazy\" decoding=\"async\" width=\"768\" height=\"1024\" src=\"https:\/\/expedoasesores.com\/wp-content\/uploads\/2023\/11\/Carmen-arreglado-768x1024.jpg\" alt=\"\" class=\"wp-image-99 size-full\" srcset=\"https:\/\/expedoasesores.com\/wp-content\/uploads\/2023\/11\/Carmen-arreglado-768x1024.jpg 768w, https:\/\/expedoasesores.com\/wp-content\/uploads\/2023\/11\/Carmen-arreglado-225x300.jpg 225w, https:\/\/expedoasesores.com\/wp-content\/uploads\/2023\/11\/Carmen-arreglado-1152x1536.jpg 1152w, https:\/\/expedoasesores.com\/wp-content\/uploads\/2023\/11\/Carmen-arreglado-1170x1560.jpg 1170w, https:\/\/expedoasesores.com\/wp-content\/uploads\/2023\/11\/Carmen-arreglado.jpg 1536w\" sizes=\"auto, (max-width: 768px) 100vw, 768px\" \/><\/figure><\/div>\n<\/div>\n\n\n\n<div class=\"wp-block-column is-layout-flow wp-block-column-is-layout-flow\">\n<div class=\"wp-block-media-text is-stacked-on-mobile is-image-fill\"><figure class=\"wp-block-media-text__media\" style=\"background-image:url(https:\/\/expedoasesores.com\/wp-content\/uploads\/2023\/11\/abogada-768x1024.jpg);background-position:50% 50%\"><img loading=\"lazy\" decoding=\"async\" width=\"768\" height=\"1024\" src=\"https:\/\/expedoasesores.com\/wp-content\/uploads\/2023\/11\/abogada-768x1024.jpg\" alt=\"\" class=\"wp-image-100 size-full\" srcset=\"https:\/\/expedoasesores.com\/wp-content\/uploads\/2023\/11\/abogada-768x1024.jpg 768w, https:\/\/expedoasesores.com\/wp-content\/uploads\/2023\/11\/abogada-225x300.jpg 225w, https:\/\/expedoasesores.com\/wp-content\/uploads\/2023\/11\/abogada-1152x1536.jpg 1152w, https:\/\/expedoasesores.com\/wp-content\/uploads\/2023\/11\/abogada-1170x1560.jpg 1170w, https:\/\/expedoasesores.com\/wp-content\/uploads\/2023\/11\/abogada.jpg 1536w\" sizes=\"auto, (max-width: 768px) 100vw, 768px\" \/><\/figure><div class=\"wp-block-media-text__content\">\n<p class=\"has-small-font-size\"><strong>Concha Castillo Torres<\/strong><br>Licenciada en Derecho por la <a href=\"https:\/\/www.us.es\/\" data-type=\"link\" data-id=\"https:\/\/www.us.es\/\">Universidad de Sevilla.<\/a><br>Colegiada N\u00ba 8142 del <a href=\"https:\/\/www.icas.es\/\">Ilustre Colegio de Abogados de Sevilla.<\/a><\/p>\n<\/div><\/div>\n<\/div>\n<\/div>\n\n\n\n<p>Expedo Asesores quiere presentarse como un proyecto de asesoramiento integral capaz de ofertar a empresarios toda la agilidad y eficacia que el marco mercantil requiere.<br><\/p>\n\n\n\n<p>Contamos para ello con un cualificado equipo en las \u00e1reas econ\u00f3micas, contables, fiscal, social, laboral y jur\u00eddica: larga enumeraci\u00f3n de materias que tan pesadas se hacen en muchas ocasiones para quienes conocen que la rentabilidad de la empresa est\u00e1 en sus manos. Esta rentabilidad disminuye cuando su atenci\u00f3n ha de dispersarse para atender tantos <em>\u00abpapeles\u00bb<\/em> como precisa el entorno administrativo-legal en que nos movemos.<\/p>\n\n\n\n<p>Desde la eficacia y la experiencia, Expedo Asesores quiere que pueda dedicarse solo a eso: a hacer rentable su negocio. El resto quedar\u00e1 en nuestras manos, ofreci\u00e9ndole todo nuestro conocimiento y manteni\u00e9ndolo informado de cuantos pasos demos.<\/p>\n\n\n\n<p>Su labor es por tanto una cuesti\u00f3n de futuro; la nuestra ser\u00e1 la raz\u00f3n de su confianza y la de estar muy cerca de usted.<\/p>\n\n\n\n<p class=\"has-text-align-right\">Que el d\u00eda y las buenas expectativas le acompa\u00f1en.<\/p>\n","protected":false},"excerpt":{"rendered":"<p>Andres Mu\u00f1oz RomeroAdministraci\u00f3n y direcci\u00f3n de empresas en Universidad de Sevilla. Master en Fiscalidad y Contabilidad. Bel\u00e9n Caballero Palaz\u00f3nGrado en RRLL y RRHH en Universidad de Sevilla.M\u00e1ster en direcci\u00f3n de recursos humanos en ISNIB Business School (Barcelona) Mar\u00eda del Carmen de la Cruz GanforninaGrado Superior Administrativo Concha Castillo TorresLicenciada en Derecho por la Universidad de [&hellip;]<\/p>\n","protected":false},"author":1,"featured_media":0,"parent":0,"menu_order":0,"comment_status":"closed","ping_status":"closed","template":"","meta":{"footnotes":""},"class_list":["post-48","page","type-page","status-publish","hentry"],"_links":{"self":[{"href":"https:\/\/expedoasesores.com\/index.php?rest_route=\/wp\/v2\/pages\/48","targetHints":{"allow":["GET"]}}],"collection":[{"href":"https:\/\/expedoasesores.com\/index.php?rest_route=\/wp\/v2\/pages"}],"about":[{"href":"https:\/\/expedoasesores.com\/index.php?rest_route=\/wp\/v2\/types\/page"}],"author":[{"embeddable":true,"href":"https:\/\/expedoasesores.com\/index.php?rest_route=\/wp\/v2\/users\/1"}],"replies":[{"embeddable":true,"href":"https:\/\/expedoasesores.com\/index.php?rest_route=%2Fwp%2Fv2%2Fcomments&post=48"}],"version-history":[{"count":7,"href":"https:\/\/expedoasesores.com\/index.php?rest_route=\/wp\/v2\/pages\/48\/revisions"}],"predecessor-version":[{"id":114,"href":"https:\/\/expedoasesores.com\/index.php?rest_route=\/wp\/v2\/pages\/48\/revisions\/114"}],"wp:attachment":[{"href":"https:\/\/expedoasesores.com\/index.php?rest_route=%2Fwp%2Fv2%2Fmedia&parent=48"}],"curies":[{"name":"wp","href":"https:\/\/api.w.org\/{rel}","templated":true}]}}